{"id":58,"date":"2019-07-04T15:45:24","date_gmt":"2019-07-04T13:45:24","guid":{"rendered":"https:\/\/melonvault.com\/salzgrotte\/?page_id=58"},"modified":"2025-11-15T16:18:44","modified_gmt":"2025-11-15T14:18:44","slug":"leistungen-preise","status":"publish","type":"page","link":"https:\/\/www.salzgrotte-ismaning.de\/index.php\/leistungen-preise\/","title":{"rendered":"Leistungen \/ Preise"},"content":{"rendered":"\n<p><\/p>\n\n\n\n<p><\/p>\n\n\n\n<h3 class=\"wp-block-heading\"><strong>Einzelkarte<\/strong><\/h3>\n\n\n\n<p class=\"has-text-align-left\"><strong>Gro\u00dfe Grotte:<br><\/strong>Erwachsene  15,00 \u20ac <br>Kinder von 10 &#8211; 17 Jahre : 11,00 \u20ac           Kinder von 3 &#8211; 9 Jahre : 7 \u20ac<\/p>\n\n\n\n<p><strong>Kleine Grotte:<br><\/strong>Komplettpreis   38,00 \u20ac<br>max. 2 Personen<\/p>\n\n\n\n<h3 class=\"wp-block-heading\"><strong>5er Karte<\/strong><\/h3>\n\n\n\n<p><strong>Gro\u00dfe Grotte:<br><\/strong>Erwachsene  70,00 \u20ac<br>Kinder von 10 &#8211; 17 Jahre : 50,00 \u20ac        Kinder von 3 &#8211; 9 Jahre 32,50 \u20ac<\/p>\n\n\n\n<p><strong>Kleine Grotte:<br><\/strong>Komplettpreis   185,00 \u20ac<br>max. 2 Personen<\/p>\n\n\n\n<h3 class=\"wp-block-heading\"><strong>10er Karte<\/strong><\/h3>\n\n\n\n<p><strong>Gro\u00dfe Grotte:<br><\/strong>Erwachsene  135,00 \u20ac<br>Kinder von 10 &#8211; 17 Jahre : 90,00 \u20ac         Kinder von 3 &#8211; 9 Jahre 60 \u20ac<\/p>\n\n\n\n<p><strong>Gruppenpreis gro\u00dfe Grotte:<\/strong>    100,00 \u20ac (bis 10 Personen)<\/p>\n\n\n\n<p><strong>Kleine Grotte:<br><\/strong>Komplettpreis  360,00 \u20ac<br>max. 2 Personen<\/p>\n\n\n\n<p>Mittagsentspannung     12:00  bis 12:25      8\u20ac <\/p>\n\n\n\n<p>                                                  12:30  bis 12:55      8\u20ac<\/p>\n\n\n\n<p><strong>Die gro\u00dfe Grotte startet immer zur vollen Stunde<\/strong>. <strong>Bitte kommen Sie 10 Minuten vorher. <\/strong><\/p>\n\n\n\n<p><strong>Beginn der Anwendung in der kleine Grotte ist immer zur halben Stunde<\/strong>.<\/p>\n\n\n\n<p><strong>Eine Anwendung dauert jeweils 45 Minuten!<\/strong><\/p>\n\n\n\n<p><strong>Kinder bis 3 Jahre haben bei Begleitung eines Elternteils freien Eintritt.<\/strong><\/p>\n\n\n\n<p><strong>Wir bitten um vorherige Terminvereinbarung, <\/strong><\/p>\n\n\n\n<ul class=\"wp-block-list\"><li>weil wir z.B. die Grotte vorzeitig\nschlie\u00dfen, wenn keine Anmeldungen vorliegen,<\/li><li>weil es keine festen Kinderstunden gibt,\nsondern wir Eltern mit Kindern und andere Erwachsene nicht zusammen in die\nGrotte legen wollen. So f\u00fchlen sich weder die Kinder eingeschr\u00e4nkt und k\u00f6nnen\nin Ruhe spielen, als auch die Erwachsenen die ruhebed\u00fcrftig sind.<\/li><\/ul>\n\n\n\n<p><strong>Erm\u00e4\u00dfigung f\u00fcr Familien und Gruppen auf Anfrage.<\/strong> <strong>Gerne realisieren wir Sitzungen f\u00fcr Gruppen auch au\u00dferhalb der regul\u00e4ren \u00d6ffnungszeiten.<\/strong><\/p>\n\n\n\n<p id=\"block-c29f3ff1-1541-4552-acc4-e6b6eaeb12b5\"><strong>Massagen:<\/strong><\/p>\n\n\n\n<p><strong>Seit Oktober k\u00f6nnen wir wieder Wellnessmassagen anbieten.<\/strong><\/p>\n\n\n<p>Die <b>Ganzk\u00f6rpermassage<\/b> bringt Ihren gesamten Organismus ins Gleichgewicht. Gleichm\u00e4\u00dfige Massagegriffe f\u00f6rdern die Durchblutung, l\u00f6sen Verspannungen und verbessern Ihre Beweglichkeit. Gleichzeitig baut Ihr K\u00f6rper Stress ab, w\u00e4hrend Ihr Geist in einem wohltuenden Raum der Ruhe und Erholung zur Entspannung findet. G\u00f6nnen Sie sich diese Massage in der Salzgrotte Ismaning, um neue Energie zu tanken und ein sp\u00fcrbares Gef\u00fchl<\/p>\n<p>Preis: 90 min. 120 \u20ac\u00a0<\/p>\n\n\n<p>Die <strong>Fu\u00dfreflexzonen-Wellnessmassage mit Solefu\u00dfbad <\/strong>verbindet gezielte Druck- und Streichbewegungen mit der wohltuenden Wirkung eines warmen Solefu\u00dfbads. Durch die Stimulation der Reflexzonen wird der gesamte Organismus harmonisiert, die Durchblutung gef\u00f6rdert und Spannungen l\u00f6sen sich. Das Solewasser wirkt zus\u00e4tzlich reinigend und vitalisierend. Diese Behandlung schenkt Ihnen Leichtigkeit, neue Energie und ein sp\u00fcrbar entspanntes K\u00f6rpergef\u00fchl.<\/p>\n\n\n\n<p>Preis: 40 min.  60 \u20ac<\/p>\n\n\n<p>Die <strong>Aroma\u00f6lmassage<\/strong> mit hochwertigen \u00e4therischen \u00d6len. Harmonisiert K\u00f6rper und Geist, wirkt entspannend, belebend und beruhigend &#8211; je nach \u00d6lwahl.<\/p>\n<p>Preis: 30 min. 55 \u20ac&nbsp; &nbsp;\/&nbsp; &nbsp;60 min 100\u20ac&nbsp;&nbsp;<\/p>\n<p>Die <strong>Aroma\u00f6lmassage in der kleinen Grotte<\/strong> ist ein besonderes Highlight. Die wohltuende Wirkung verbindet sich mit den positiven Effekten der Salz-Trockenvernebelung. Nach 30 Minuten Massage genie\u00dfen Sie zus\u00e4tzlich 15 Minuten Ruhezeit in der Grotte.<\/p>\n<p>Preis: 30 min. plus 15 min. Ruhezeit 70 \u20ac<\/p>\n\n\n<p>Die <strong>Gesichtsmassage<\/strong> wirkt wie ein kleiner Jungbrunnen f\u00fcr K\u00f6rper und Seele. Mit sanften Griffen werden Haut, Muskeln und Nerven im Gesicht, Nacken und Dekollet\u00e9 stimuliert. Dadurch verbessert sich die Durchblutung, die Haut wirkt frischer und entspannter, und feine Verspannungen l\u00f6sen sich sp\u00fcrbar. Gleichzeitig beruhigen sich Geist und Nervensystem. Erleben Sie in der Salzgrotte Ismaning, wie eine Gesichtsmassage Ihre Ausstrahlung und Ihr Wohlbefinden st\u00e4rkt.    <\/p>\n\n\n\n<p>Preis: 25 min. 40\u20ac          40 min. 60 \u20ac<\/p>\n\n\n<p><\/p>\n<p>Die <b>R\u00fcckenmassage<\/b> konzentriert sich gezielt auf Schulter-, Nacken- und R\u00fcckenpartien, dort setzen sich Stress und Verspannungen am h\u00e4ufigsten fest. Mit kraftvollen und zugleich sanften Massagegriffen werden Blockaden gel\u00f6st, die Durchblutung gef\u00f6rdert und die Muskulatur sp\u00fcrbar gelockert. R\u00fcckenschmerzen k\u00f6nnen gelindert werden, die Beweglichkeit verbessert sich, und Ihr gesamter K\u00f6rper f\u00fchlt sich leichter an. Eine R\u00fcckenmassage ist die ideale Wahl, wenn Sie gezielt Spannung abbauen und wieder aufrecht durchs Leben gehen m\u00f6chten.<\/p>\n<p>Preis: 30 min. 45 \u20ac&nbsp; \/&nbsp; 60 min.&nbsp; 80 \u20ac<\/p>\n<p>Die<strong> Cranio-Sacrale Entspannung<\/strong> setzt sanfte Impulse entlang von Kopf, Wirbels\u00e4ule &amp; Kreuzbein. Unterst\u00fctzt Stressabbau, l\u00f6st innere Anspannung und schenkt ein tiefes Gef\u00fchl von Balance&nbsp;<\/p>\n<p>Preis:&nbsp;&nbsp;30min.&nbsp; &nbsp; &nbsp;40\u20ac&nbsp; &nbsp; &nbsp; &nbsp; 60min.&nbsp; &nbsp; &nbsp;80\u20ac<\/p>\n<p><\/p>\n<p>Die<strong> aktivierende Sportmassage<\/strong> bring Kreislauf und Muskulatur in Schwung. Dynamische Griffe wecken Energie, f\u00f6rdern die Durchblutung und regen den Stoffwechsel an.<\/p>\n<p>Preis: 20 min. 35\u20ac<\/p>\n<p><strong>Massagetermine nur mit Voranmeldung<\/strong><\/p>\n<p><\/p>\n<p><\/p>\n\n\n<p id=\"block-3fd66730-4554-442c-ae92-f53b8929cca3\"><strong>Klangschalen-Entspannung<\/strong><\/p>\n\n\n\n<p id=\"block-2dafdd5d-cdba-4144-943c-1c05cba7edfa\">Dauer 60 Minuten, Preis je Veranstaltung <\/p>\n\n\n\n<p>30 \u20ac incl. Eintritt in die Salzgrotte.<\/p>\n\n\n\n<p id=\"block-3bae5350-dcb8-4540-aa37-c0755c854430\"> <\/p>\n\n\n\n<p><\/p>\n\n\n\n<p id=\"block-712d52b0-4837-432a-9bce-b92590310785\"><strong>Slimyonik:<\/strong><\/p>\n\n\n\n<p id=\"block-fee98645-4831-4736-b062-184c2a7fd87b\">Karte f\u00fcr 10 Anwendungen incl. Hygienehose 285 \u20ac<\/p>\n\n\n\n<p id=\"block-9cf5fd1e-67f0-4ead-9bd6-6ede583d7190\">Karte f\u00fcr 12 Anwendungen incl. Hygienehose nur 315 \u20ac anstatt 342 \u20ac<\/p>\n\n\n\n<p id=\"block-a782bb57-935a-408d-9845-218212862951\">Einzelanwendung Lymphmassage incl. Hygienehose 42 \u20ac<\/p>\n\n\n\n<p id=\"block-e4d93fa8-b961-4ff4-abf2-e5185f2df239\">Einzelanwendung Sport-\/Relax-Massage incl. Hygienehose 32 \u20ac<\/p>\n\n\n\n<p>\ufeff<\/p>\n","protected":false},"excerpt":{"rendered":"<p>Einzelkarte Gro\u00dfe Grotte:Erwachsene 15,00 \u20ac Kinder von 10 &#8211; 17 Jahre : 11,00 \u20ac Kinder von 3 &#8211; 9 Jahre : 7 \u20ac Kleine Grotte:Komplettpreis 38,00 \u20acmax. 2 Personen 5er Karte Gro\u00dfe Grotte:Erwachsene 70,00 \u20acKinder von 10 &#8211; 17 Jahre : 50,00 \u20ac Kinder von 3 &#8211; 9 Jahre 32,50 \u20ac Kleine Grotte:Komplettpreis 185,00 \u20acmax. &hellip; <\/p>\n<p class=\"link-more\"><a href=\"https:\/\/www.salzgrotte-ismaning.de\/index.php\/leistungen-preise\/\" class=\"more-link\"><span class=\"screen-reader-text\">\u201eLeistungen \/ Preise\u201c <\/span>weiterlesen<\/a><\/p>\n","protected":false},"author":2,"featured_media":0,"parent":0,"menu_order":0,"comment_status":"closed","ping_status":"closed","template":"","meta":{"ngg_post_thumbnail":0,"footnotes":""},"class_list":["post-58","page","type-page","status-publish","hentry"],"_links":{"self":[{"href":"https:\/\/www.salzgrotte-ismaning.de\/index.php\/wp-json\/wp\/v2\/pages\/58","targetHints":{"allow":["GET"]}}],"collection":[{"href":"https:\/\/www.salzgrotte-ismaning.de\/index.php\/wp-json\/wp\/v2\/pages"}],"about":[{"href":"https:\/\/www.salzgrotte-ismaning.de\/index.php\/wp-json\/wp\/v2\/types\/page"}],"author":[{"embeddable":true,"href":"https:\/\/www.salzgrotte-ismaning.de\/index.php\/wp-json\/wp\/v2\/users\/2"}],"replies":[{"embeddable":true,"href":"https:\/\/www.salzgrotte-ismaning.de\/index.php\/wp-json\/wp\/v2\/comments?post=58"}],"version-history":[{"count":38,"href":"https:\/\/www.salzgrotte-ismaning.de\/index.php\/wp-json\/wp\/v2\/pages\/58\/revisions"}],"predecessor-version":[{"id":2131,"href":"https:\/\/www.salzgrotte-ismaning.de\/index.php\/wp-json\/wp\/v2\/pages\/58\/revisions\/2131"}],"wp:attachment":[{"href":"https:\/\/www.salzgrotte-ismaning.de\/index.php\/wp-json\/wp\/v2\/media?parent=58"}],"curies":[{"name":"wp","href":"https:\/\/api.w.org\/{rel}","templated":true}]}}