{"id":353,"date":"2020-05-01T14:15:55","date_gmt":"2020-05-01T12:15:55","guid":{"rendered":"https:\/\/salzgrotte-ismaning.de\/index.php\/agb\/"},"modified":"2020-10-31T13:23:43","modified_gmt":"2020-10-31T11:23:43","slug":"agb","status":"publish","type":"page","link":"https:\/\/www.salzgrotte-ismaning.de\/index.php\/agb\/","title":{"rendered":"AGB &#8211; Salzgrotte-Ismaning"},"content":{"rendered":"\n<hr class=\"wp-block-separator\"\/>\n\n\n\n<h1 class=\"wp-block-heading\"><strong>Allgemeine Gesch\u00e4ftsbedingungen mit Kundeninformationen<\/strong><\/h1>\n\n\n\n<h2 class=\"wp-block-heading\">Inhaltsverzeichnis<\/h2>\n\n\n\n<ol class=\"wp-block-list\"><li><strong>Geltungsbereich<\/strong><\/li><li><strong>Vertragsschluss<\/strong><ol><li><strong>Widerrufsrecht<\/strong><\/li><li><strong>Preise und Zahlungsbedingungen<\/strong><\/li><li><strong>Liefer- und Versandbedingungen<\/strong><\/li><li><strong>Eigentumsvorbehalt<\/strong><\/li><li><strong>M\u00e4ngelhaftung (Gew\u00e4hrleistung)<\/strong><\/li><li><strong>Einl\u00f6sung von Geschenkgutscheinen<\/strong><\/li><li><strong>Anwendbares Recht<\/strong><\/li><li><strong>Alternative Streitbeilegung<\/strong><\/li><\/ol><\/li><\/ol>\n\n\n\n<p><strong>1) Geltungsbereich<\/strong><br>1.1 Diese Allgemeinen Gesch\u00e4ftsbedingungen (nachfolgend &#8222;AGB&#8220;) des Josef Wagner, handelnd unter &#8222;Salzgrotte Ismaning&#8220; (nachfolgend &#8222;Verk\u00e4ufer&#8220;), gelten f\u00fcr alle Vertr\u00e4ge \u00fcber die Lieferung von Waren, die ein Verbraucher oder Unternehmer (nachfolgend \u201eKunde\u201c) mit dem Verk\u00e4ufer hinsichtlich der vom Verk\u00e4ufer in seinem Online-Shop dargestellten Waren abschlie\u00dft. Hiermit wird der Einbeziehung von eigenen Bedingungen des Kunden widersprochen, es sei denn, es ist etwas anderes vereinbart.<br>1.2 F\u00fcr Vertr\u00e4ge \u00fcber die Lieferung von Gutscheinen gelten diese AGB entsprechend, sofern insoweit nicht ausdr\u00fccklich etwas Abweichendes geregelt ist.<br>1.3 Verbraucher im Sinne dieser AGB ist jede nat\u00fcrliche Person, die ein Rechtsgesch\u00e4ft zu Zwecken abschlie\u00dft, die \u00fcberwiegend weder ihrer gewerblichen noch ihrer selbst\u00e4ndigen beruflichen T\u00e4tigkeit zugerechnet werden k\u00f6nnen. Unternehmer im Sinne dieser AGB ist eine nat\u00fcrliche oder juristische Person oder eine rechtsf\u00e4hige Personengesellschaft, die bei Abschluss eines Rechtsgesch\u00e4fts in Aus\u00fcbung ihrer gewerblichen oder selbst\u00e4ndigen beruflichen T\u00e4tigkeit handelt.<\/p>\n\n\n\n<p><strong>2) Vertragsschluss<\/strong><br>2.1 Die im Online-Shop des Verk\u00e4ufers enthaltenen Produktbeschreibungen stellen keine verbindlichen Angebote seitens des Verk\u00e4ufers dar, sondern dienen zur Abgabe eines verbindlichen Angebots durch den Kunden.<br>2.2 Der Kunde kann das Angebot \u00fcber das in den Online-Shop des Verk\u00e4ufers integrierte Online-Bestellformular abgeben. Dabei gibt der Kunde, nachdem er die ausgew\u00e4hlten Waren in den virtuellen Warenkorb gelegt und den elektronischen Bestellprozess durchlaufen hat, durch Klicken des den Bestellvorgang abschlie\u00dfenden Buttons ein rechtlich verbindliches Vertragsangebot in Bezug auf die im Warenkorb enthaltenen Waren ab. Ferner kann der Kunde das Angebot auch telefonisch, per Fax, per E-Mail oder postalisch gegen\u00fcber dem Verk\u00e4ufer abgeben.<br>2.3 Der Verk\u00e4ufer kann das Angebot des Kunden innerhalb von f\u00fcnf Tagen annehmen,<\/p>\n\n\n\n<p>indem er dem Kunden eine schriftliche Auftragsbest\u00e4tigung oder eine Auftragsbest\u00e4tigung in Textform (Fax oder E-Mail) \u00fcbermittelt, wobei insoweit der Zugang der Auftragsbest\u00e4tigung beim Kunden ma\u00dfgeblich ist, oderindem er dem Kunden die bestellte Ware liefert, wobei insoweit der Zugang der Ware beim Kunden ma\u00dfgeblich ist, oderindem er den Kunden nach Abgabe von dessen Bestellung zur Zahlung auffordert.<br>Liegen mehrere der vorgenannten Alternativen vor, kommt der Vertrag in dem Zeitpunkt zustande, in dem eine der vorgenannten Alternativen zuerst eintritt. Die Frist zur Annahme des Angebots beginnt am Tag nach der Absendung des Angebots durch den Kunden zu laufen und endet mit dem Ablauf des f\u00fcnften Tages, welcher auf die Absendung des Angebots folgt. Nimmt der Verk\u00e4ufer das Angebot des Kunden innerhalb vorgenannter Frist nicht an, so gilt dies als Ablehnung des Angebots mit der Folge, dass der Kunde nicht mehr an seine Willenserkl\u00e4rung gebunden ist.<br>2.4 Bei Auswahl der Zahlungsart \u201ePayPal Express\u201c erfolgt die Zahlungsabwicklung \u00fcber den Zahlungsdienstleister PayPal (Europe) S.\u00e0 r.l. et Cie, S.C.A., 22-24 Boulevard Royal, L-2449 Luxembourg (im Folgenden: \u201ePayPal\u201c), unter Geltung der PayPal-Nutzungsbedingungen, einsehbar unter https:\/\/www.paypal.com\/de\/webapps\/mpp\/ua\/useragreement-full oder &#8211; falls der Kunde nicht \u00fcber ein PayPal-Konto verf\u00fcgt \u2013 unter Geltung der Bedingungen f\u00fcr Zahlungen ohne PayPal-Konto, einsehbar unter https:\/\/www.paypal.com\/de\/webapps\/mpp\/ua\/privacywax-full. W\u00e4hlt der Kunde im Rahmen des Online-Bestellvorgangs \u201ePayPal Express\u201c als Zahlungsart aus, erteilt er durch Klicken des den Bestellvorgang abschlie\u00dfenden Buttons zugleich auch einen Zahlungsauftrag an PayPal. F\u00fcr diesen Fall erkl\u00e4rt der Verk\u00e4ufer schon jetzt die Annahme des Angebots des Kunden in dem Zeitpunkt, in dem der Kunde durch Klicken des den Bestellvorgang abschlie\u00dfenden Buttons den Zahlungsvorgang ausl\u00f6st.<br>2.5 Bei der Abgabe eines Angebots \u00fcber das Online-Bestellformular des Verk\u00e4ufers wird der Vertragstext nach dem Vertragsschluss vom Verk\u00e4ufer gespeichert und dem Kunden nach Absendung von dessen Bestellung in Textform (z. B. E-Mail, Fax oder Brief) \u00fcbermittelt. Eine dar\u00fcber hinausgehende Zug\u00e4nglichmachung des Vertragstextes durch den Verk\u00e4ufer erfolgt nicht.<br>2.6 Vor verbindlicher Abgabe der Bestellung \u00fcber das Online-Bestellformular des Verk\u00e4ufers kann der Kunde m\u00f6gliche Eingabefehler durch aufmerksames Lesen der auf dem Bildschirm dargestellten Informationen erkennen. Ein wirksames technisches Mittel zur besseren Erkennung von Eingabefehlern kann dabei die Vergr\u00f6\u00dferungsfunktion des Browsers sein, mit deren Hilfe die Darstellung auf dem Bildschirm vergr\u00f6\u00dfert wird. Seine Eingaben kann der Kunde im Rahmen des elektronischen Bestellprozesses so lange \u00fcber die \u00fcblichen Tastatur- und Mausfunktionen korrigieren, bis er den den Bestellvorgang abschlie\u00dfenden Button anklickt.<br>2.7 F\u00fcr den Vertragsschluss steht ausschlie\u00dflich die deutsche Sprache zur Verf\u00fcgung.<br>2.8 Die Bestellabwicklung und Kontaktaufnahme finden in der Regel per E-Mail und automatisierter Bestellabwicklung statt. Der Kunde hat sicherzustellen, dass die von ihm zur Bestellabwicklung angegebene E-Mail-Adresse zutreffend ist, so dass unter dieser Adresse die vom Verk\u00e4ufer versandten E-Mails empfangen werden k\u00f6nnen. Insbesondere hat der Kunde bei dem Einsatz von SPAM-Filtern sicherzustellen, dass alle vom Verk\u00e4ufer oder von diesem mit der Bestellabwicklung beauftragten Dritten versandten E-Mails zugestellt werden k\u00f6nnen.<\/p>\n\n\n\n<p><strong>3) Widerrufsrecht<\/strong><br>3.1 Verbrauchern steht grunds\u00e4tzlich ein Widerrufsrecht zu.<br>3.2 N\u00e4here Informationen zum Widerrufsrecht ergeben sich aus der Widerrufsbelehrung des Verk\u00e4ufers.<\/p>\n\n\n\n<p><strong>4) Preise und Zahlungsbedingungen<\/strong><br>4.1 Sofern sich aus der Produktbeschreibung des Verk\u00e4ufers nichts anderes ergibt, handelt es sich bei den angegebenen Preisen um Gesamtpreise, die die gesetzliche Umsatzsteuer enthalten. Gegebenenfalls zus\u00e4tzlich anfallende Liefer- und Versandkosten werden in der jeweiligen Produktbeschreibung gesondert angegeben.<br>4.2 Die Zahlungsm\u00f6glichkeit\/en wird\/werden dem Kunden im Online-Shop des Verk\u00e4ufers mitgeteilt.<\/p>\n\n\n\n<p><strong>5) Liefer- und Versandbedingungen<\/strong><br>5.1 Die Lieferung von Waren erfolgt auf dem Versandweg an die vom Kunden angegebene Lieferanschrift, sofern nichts anderes vereinbart ist. Bei der Abwicklung der Transaktion ist die in der Bestellabwicklung des Verk\u00e4ufers angegebene Lieferanschrift ma\u00dfgeblich.<br>5.2 Scheitert die Zustellung der Ware aus Gr\u00fcnden, die der Kunde zu vertreten hat, tr\u00e4gt der Kunde die dem Verk\u00e4ufer hierdurch entstehenden angemessenen Kosten. Dies gilt im Hinblick auf die Kosten f\u00fcr die Hinsendung nicht, wenn der Kunde sein Widerrufsrecht wirksam aus\u00fcbt. F\u00fcr die R\u00fccksendekosten gilt bei wirksamer Aus\u00fcbung des Widerrufsrechts durch den Kunden die in der Widerrufsbelehrung des Verk\u00e4ufers hierzu getroffene Regelung.<br>5.3 Selbstabholung ist aus logistischen Gr\u00fcnden nicht m\u00f6glich.<br>5.4 Gutscheine werden dem Kunden wie folgt \u00fcberlassen:<\/p>\n\n\n\n<p>postalisch<\/p>\n\n\n\n<p><strong>6) Eigentumsvorbehalt<\/strong><br>Tritt der Verk\u00e4ufer in Vorleistung, beh\u00e4lt er sich bis zur vollst\u00e4ndigen Bezahlung des geschuldeten Kaufpreises das Eigentum an der gelieferten Ware vor.<\/p>\n\n\n\n<p><strong>7) M\u00e4ngelhaftung (Gew\u00e4hrleistung)<\/strong><br>7.1 Ist die Kaufsache mangelhaft, gelten die Vorschriften der gesetzlichen M\u00e4ngelhaftung.<br>7.2 Der Kunde wird gebeten, angelieferte Waren mit offensichtlichen Transportsch\u00e4den bei dem Zusteller zu reklamieren und den Verk\u00e4ufer hiervon in Kenntnis zu setzen. Kommt der Kunde dem nicht nach, hat dies keinerlei Auswirkungen auf seine gesetzlichen oder vertraglichen M\u00e4ngelanspr\u00fcche.<\/p>\n\n\n\n<p><strong>8) Einl\u00f6sung von Geschenkgutscheinen<\/strong><br>8.1 Gutscheine, die \u00fcber den Online-Shop des Verk\u00e4ufers k\u00e4uflich erworben werden k\u00f6nnen (nachfolgend &#8222;Geschenkgutscheine&#8220;), k\u00f6nnen nur im Online-Shop des Verk\u00e4ufers eingel\u00f6st werden, sofern sich aus dem Gutschein nichts anderes ergibt.<br>8.2 Geschenkgutscheine und Restguthaben von Geschenkgutscheinen sind bis zum Ende des dritten Jahres nach dem Jahr des Gutscheinkaufs einl\u00f6sbar. Restguthaben werden dem Kunden bis zum Ablaufdatum gutgeschrieben.<br>8.3 Geschenkgutscheine k\u00f6nnen nur vor Abschluss des Bestellvorgangs eingel\u00f6st werden. Eine nachtr\u00e4gliche Verrechnung ist nicht m\u00f6glich.<br>8.4 Bei einer Bestellung k\u00f6nnen auch mehrere Geschenkgutscheine eingel\u00f6st werden.<br>8.5 Geschenkgutscheine k\u00f6nnen nur f\u00fcr den Kauf von Waren und nicht f\u00fcr den Kauf von weiteren Geschenkgutscheinen verwendet werden.<br>8.6 Reicht der Wert des Geschenkgutscheins zur Deckung der Bestellung nicht aus, kann zur Begleichung des Differenzbetrages eine der \u00fcbrigen vom Verk\u00e4ufer angebotenen Zahlungsarten gew\u00e4hlt werden.<br>8.7 Das Guthaben eines Geschenkgutscheins wird weder in Bargeld ausgezahlt noch verzinst.<br>8.8 Der Geschenkgutschein ist nur f\u00fcr die Verwendung durch die auf ihm benannte Person bestimmt. Eine \u00dcbertragung des Geschenkgutscheins auf Dritte ist ausgeschlossen. Der Verk\u00e4ufer ist berechtigt, jedoch nicht verpflichtet, die materielle Anspruchsberechtigung des jeweiligen Gutscheininhabers zu pr\u00fcfen.<\/p>\n\n\n\n<p><strong>9) Anwendbares Recht<\/strong><br>F\u00fcr s\u00e4mtliche Rechtsbeziehungen der Parteien gilt das Recht der Bundesrepublik Deutschland unter Ausschluss der Gesetze \u00fcber den internationalen Kauf beweglicher Waren. Bei Verbrauchern gilt diese Rechtswahl nur insoweit, als nicht der gew\u00e4hrte Schutz durch zwingende Bestimmungen des Rechts des Staates, in dem der Verbraucher seinen gew\u00f6hnlichen Aufenthalt hat, entzogen wird.<\/p>\n\n\n\n<p><strong>10) Alternative Streitbeilegung<\/strong><br>10.1 Die EU-Kommission stellt im Internet unter folgendem Link eine Plattform zur Online-Streitbeilegung bereit: https:\/\/ec.europa.eu\/consumers\/odr<br>Diese Plattform dient als Anlaufstelle zur au\u00dfergerichtlichen Beilegung von Streitigkeiten aus Online-Kauf- oder Dienstleistungsvertr\u00e4gen, an denen ein Verbraucher beteiligt ist.<br>10.2 Der Verk\u00e4ufer ist zur Teilnahme an einem Streitbeilegungsverfahren vor einer Verbraucherschlichtungsstelle weder verpflichtet noch bereit.<\/p>\n","protected":false},"excerpt":{"rendered":"<p>Allgemeine Gesch\u00e4ftsbedingungen mit Kundeninformationen Inhaltsverzeichnis Geltungsbereich Vertragsschluss Widerrufsrecht Preise und Zahlungsbedingungen Liefer- und Versandbedingungen Eigentumsvorbehalt M\u00e4ngelhaftung (Gew\u00e4hrleistung) Einl\u00f6sung von Geschenkgutscheinen Anwendbares Recht Alternative Streitbeilegung 1) Geltungsbereich1.1 Diese Allgemeinen Gesch\u00e4ftsbedingungen (nachfolgend &#8222;AGB&#8220;) des Josef Wagner, handelnd unter &#8222;Salzgrotte Ismaning&#8220; (nachfolgend &#8222;Verk\u00e4ufer&#8220;), gelten f\u00fcr alle Vertr\u00e4ge \u00fcber die Lieferung von Waren, die ein Verbraucher oder Unternehmer (nachfolgend &hellip; <\/p>\n<p class=\"link-more\"><a href=\"https:\/\/www.salzgrotte-ismaning.de\/index.php\/agb\/\" class=\"more-link\"><span class=\"screen-reader-text\">\u201eAGB &#8211; Salzgrotte-Ismaning\u201c <\/span>weiterlesen<\/a><\/p>\n","protected":false},"author":1,"featured_media":0,"parent":0,"menu_order":0,"comment_status":"closed","ping_status":"closed","template":"","meta":{"ngg_post_thumbnail":0,"footnotes":""},"class_list":["post-353","page","type-page","status-publish","hentry"],"_links":{"self":[{"href":"https:\/\/www.salzgrotte-ismaning.de\/index.php\/wp-json\/wp\/v2\/pages\/353","targetHints":{"allow":["GET"]}}],"collection":[{"href":"https:\/\/www.salzgrotte-ismaning.de\/index.php\/wp-json\/wp\/v2\/pages"}],"about":[{"href":"https:\/\/www.salzgrotte-ismaning.de\/index.php\/wp-json\/wp\/v2\/types\/page"}],"author":[{"embeddable":true,"href":"https:\/\/www.salzgrotte-ismaning.de\/index.php\/wp-json\/wp\/v2\/users\/1"}],"replies":[{"embeddable":true,"href":"https:\/\/www.salzgrotte-ismaning.de\/index.php\/wp-json\/wp\/v2\/comments?post=353"}],"version-history":[{"count":3,"href":"https:\/\/www.salzgrotte-ismaning.de\/index.php\/wp-json\/wp\/v2\/pages\/353\/revisions"}],"predecessor-version":[{"id":941,"href":"https:\/\/www.salzgrotte-ismaning.de\/index.php\/wp-json\/wp\/v2\/pages\/353\/revisions\/941"}],"wp:attachment":[{"href":"https:\/\/www.salzgrotte-ismaning.de\/index.php\/wp-json\/wp\/v2\/media?parent=353"}],"curies":[{"name":"wp","href":"https:\/\/api.w.org\/{rel}","templated":true}]}}