{"id":12,"date":"2019-07-02T17:29:00","date_gmt":"2019-07-02T15:29:00","guid":{"rendered":"https:\/\/melonvault.com\/salzgrotte\/?page_id=12"},"modified":"2025-01-04T14:01:37","modified_gmt":"2025-01-04T12:01:37","slug":"ueber-mich","status":"publish","type":"page","link":"https:\/\/www.salzgrotte-ismaning.de\/index.php\/ueber-mich\/","title":{"rendered":"\u00dcber Uns"},"content":{"rendered":"<p><strong>Herzlich willkommen in der Salzgrotte Ismaning.<\/strong><\/p>\n<p><strong>\u00a0<\/strong><\/p>\n<p><strong>M<\/strong>it der gro\u00dfen und kleinen Salzgrotte bieten wir Ihnen in perfekter Weise\u00a0 Entspannung und Gesundheit. Sie k\u00f6nnen hier das angenehme Klima, die salzhaltige Luft, die Ruhe, das au\u00dfergew\u00f6hnliche Ambiente und unsere umfassende Beratung und Service genie\u00dfen.<\/p>\n<p><strong>I<\/strong>mmer schon waren Kuren und Aufenthalte am Meer, an Gradierwerken oder in Salzgrotten und in Salzbergwerken hilfreich f\u00fcr die Behandlung von Atemwegserkrankungen, Hautproblemen, Allergien, allgemeine Ersch\u00f6pfungszust\u00e4nden und andere Funktionsst\u00f6rungen des K\u00f6rpers.\u00a0\u00a0<\/p>\n<p><strong>A<\/strong>ls wichtigster Heilfaktor hierf\u00fcr gilt immer die salzhaltige und saubere Luft.\u00a0<\/p>\n<p><strong>M<\/strong>ehr als am Meer\u2026..<\/p>\n<p>Erhalten Sie unter diesem Aspekt in der Salzgrotte Ismaning.<\/p>\n<p><strong>D<\/strong>enn hier k\u00f6nnen wir Ihnen, unabh\u00e4ngig von den \u00e4u\u00dferen klimatischen Gegebenheiten \u00a0mittels innovativer Technik eines modernen Soleverneblers, ein optimiertes, gesundheitsf\u00f6rderndes und salzhaltiges Mikroklima in einem besonderen, gesundheitsf\u00f6rdernden Ambiente bieten. Aber nicht nur f\u00fcr die Gesundheit Ihrer Atemwege ist ein Besuch in der Salzgrotte \u00a0gut, sondern es hilft Ihnen auch, \u201erunterzufahren, abzuschalten und wieder tief durch zu atmen\u201c.\u00a0<\/p>\n<p><strong>U<\/strong>nser auf dem neuesten Stand der Technik , computergesteuerter Ultraschallvernebler verwandelt die Natursole, aus einem der ber\u00fchmtesten europ\u00e4ischen Salzheilquellen (Wieliczka, Polen) in feinen Nebel, der in die Luft abgegeben wird. Diese Technologie sorgt daf\u00fcr, dass die Luft in der Salzgrotte Ismaning reich an Salzkristallen ist, die Sie einatmen und von denen Sie profitieren k\u00f6nnen. Genie\u00dfen Sie die die heilenden Eigenschaften der Salztherapie und erleben Sie die Vorteile einer salzhaltigen Luftumgebung.\u00a0\u00a0<\/p>\n<p><strong>A<\/strong>uch im Sommer haben wir hier nicht nur ein salzhaltiges und gesundheitsf\u00f6rderndes Mikroklima, sondern auch ein echtes Wohlf\u00fchlklima ohne hohe, schw\u00fcle Luftfeuchtigkeit, ohne Hitze, Ozon, Feinstaub und Pollen. Fernab von den stressigen Alltagsproblemen k\u00f6nnen Sie in ruhiger, gesunder Atmosph\u00e4re entspannen.<\/p>\n<p>\u00a0<strong>T<\/strong>auchen Sie ein in in eine Welt der Entspannung und Gesundheit und erleben Sie die faszinierende Atmosph\u00e4re der Salzgrotte Ismaning, bestehend aus Tonnen von Salz, Salzziegel und \u00fcber\u00a0 Millionen Jahre altem Salzgestein und des feinen Salznebels, erzeugt durch unseren Solevernebler.\u00a0 <img loading=\"lazy\" decoding=\"async\" class=\"alignnone size-full wp-image-49\" src=\"https:\/\/melonvault.com\/salzgrotte\/wp-content\/uploads\/2019\/07\/DSCF0043.jpg\" alt=\"\" width=\"700\" height=\"476\" srcset=\"https:\/\/www.salzgrotte-ismaning.de\/wp-content\/uploads\/2019\/07\/DSCF0043.jpg 700w, https:\/\/www.salzgrotte-ismaning.de\/wp-content\/uploads\/2019\/07\/DSCF0043-350x238.jpg 350w\" sizes=\"auto, (max-width: 700px) 100vw, 700px\" \/><\/p>\n<h3 class=\"subtitle\"><strong>Wie funktioniert es<\/strong><\/h3>\n<p class=\"subtitle\">Mit einer Salz-Aerosol-Konzentration von ca. 100-160 mg\/m\u00b3, einer relativen Luftfeuchtigkeit von ca. 40\u201360% und einer Raumtemperatur von ca. 18\u201324\u00b0C schaffen wir die Grundlage damit sie bei uns Gesundheit in vollen (Atem-)Z\u00fcgen genie\u00dfen k\u00f6nnen.<\/p>\n<h3><strong>Wann brauche ich das<\/strong><\/h3>\n<ul>\n<li>\n<p class=\"subtitle\">Chronische Atemwegs und Lungenkrankheiten:<br \/>Asthma, COPD, Bronchitis, Lungenentz\u00fcndung etc.<\/p>\n<\/li>\n<li>\n<p class=\"subtitle\">allgemeine Atembeschwerden, Kurzatmigkeit<\/p>\n<\/li>\n<li>\n<p class=\"subtitle\">akute Erk\u00e4ltungs- und Infektionserkrankungen der Atemwege<\/p>\n<\/li>\n<li>\n<p class=\"subtitle\">Allergien der Atemwege auf Haus- und Industrie-Pollen, Heuschnupfen usw.<\/p>\n<\/li>\n<li>\n<p class=\"subtitle\">Entz\u00fcndungen\/Katarrhe auf Hals\/Nasen\/Ohren, Nasennebenh\u00f6hlenentz\u00fcndung<\/p>\n<\/li>\n<li>\n<p class=\"subtitle\">Hauterkrankung: Akne, Neurodermitis, Schuppenflechte usw.<\/p>\n<\/li>\n<li>\n<p class=\"subtitle\">altersbedingte Herz- und Gef\u00e4\u00dferkrankungen, insbesondere in Verbindung mit chronischen Atemwegserkrankungen<\/p>\n<\/li>\n<li>\n<p class=\"subtitle\">Stress und Abgespanntheit, Burnout, mentale St\u00f6rungen<\/p>\n<\/li>\n<\/ul>\n<h3><strong>Wann brauche ich das nicht<\/strong><\/h3>\n<p class=\"subtitle\">Nebenwirkungen wurden bisher nicht festgestellt. Konsultieren Sie bei Schilddr\u00fcsenproblemen und im Zweifelsfalle vorher Ihren Arzt, insbesondere bei ernsthaften oder ansteckenden Krankheiten.<\/p>\n<p>\u00a0<\/p>\n\n\n<p><\/p>\n","protected":false},"excerpt":{"rendered":"<p>Herzlich willkommen in der Salzgrotte Ismaning. \u00a0 Mit der gro\u00dfen und kleinen Salzgrotte bieten wir Ihnen in perfekter Weise\u00a0 Entspannung und Gesundheit. Sie k\u00f6nnen hier das angenehme Klima, die salzhaltige Luft, die Ruhe, das au\u00dfergew\u00f6hnliche Ambiente und unsere umfassende Beratung und Service genie\u00dfen. Immer schon waren Kuren und Aufenthalte am Meer, an Gradierwerken oder in &hellip; <\/p>\n<p class=\"link-more\"><a href=\"https:\/\/www.salzgrotte-ismaning.de\/index.php\/ueber-mich\/\" class=\"more-link\"><span class=\"screen-reader-text\">\u201e\u00dcber Uns\u201c <\/span>weiterlesen<\/a><\/p>\n","protected":false},"author":2,"featured_media":0,"parent":0,"menu_order":0,"comment_status":"closed","ping_status":"closed","template":"","meta":{"ngg_post_thumbnail":0,"footnotes":""},"class_list":["post-12","page","type-page","status-publish","hentry"],"_links":{"self":[{"href":"https:\/\/www.salzgrotte-ismaning.de\/index.php\/wp-json\/wp\/v2\/pages\/12","targetHints":{"allow":["GET"]}}],"collection":[{"href":"https:\/\/www.salzgrotte-ismaning.de\/index.php\/wp-json\/wp\/v2\/pages"}],"about":[{"href":"https:\/\/www.salzgrotte-ismaning.de\/index.php\/wp-json\/wp\/v2\/types\/page"}],"author":[{"embeddable":true,"href":"https:\/\/www.salzgrotte-ismaning.de\/index.php\/wp-json\/wp\/v2\/users\/2"}],"replies":[{"embeddable":true,"href":"https:\/\/www.salzgrotte-ismaning.de\/index.php\/wp-json\/wp\/v2\/comments?post=12"}],"version-history":[{"count":9,"href":"https:\/\/www.salzgrotte-ismaning.de\/index.php\/wp-json\/wp\/v2\/pages\/12\/revisions"}],"predecessor-version":[{"id":1950,"href":"https:\/\/www.salzgrotte-ismaning.de\/index.php\/wp-json\/wp\/v2\/pages\/12\/revisions\/1950"}],"wp:attachment":[{"href":"https:\/\/www.salzgrotte-ismaning.de\/index.php\/wp-json\/wp\/v2\/media?parent=12"}],"curies":[{"name":"wp","href":"https:\/\/api.w.org\/{rel}","templated":true}]}}